{"id":109,"date":"2023-06-30T13:22:57","date_gmt":"2023-06-30T13:22:57","guid":{"rendered":"https:\/\/dendrologiem.lv\/?page_id=109"},"modified":"2026-04-21T17:10:43","modified_gmt":"2026-04-21T17:10:43","slug":"par-mums","status":"publish","type":"page","link":"https:\/\/dendrologiem.lv\/?page_id=109","title":{"rendered":"Par mums"},"content":{"rendered":"\n<p>Latvijas Dendrologu biedr\u012bba (LDB) dibin\u0101ta 08.10.1996. Nacion\u0101laj\u0101 Bot\u0101niskaj\u0101 d\u0101rz\u0101 Salaspil\u012b. Biedr\u012bba apvieno gan profesion\u0101lus dendrologus, gan dendrolo\u0123ijas entuziastus. <\/p>\n\n\n\n<p>Biedr\u012bbas aktivit\u0101tes prim\u0101ri saist\u012btas ar domu un zin\u0101\u0161anu apmai\u0146u starp nozares speci\u0101listiem, profesion\u0101lo ekskursiju organiz\u0113\u0161anu, sertific\u0113\u0161anas procesa nodro\u0161in\u0101\u0161anu un Gada koka nomin\u0101ciju.<\/p>\n\n\n\n<p>Biedr\u012bbas vizu\u0101l\u0101 identit\u0101te, logotips:<\/p>\n\n\n\n<figure class=\"wp-block-image size-full\"><img loading=\"lazy\" decoding=\"async\" width=\"839\" height=\"476\" src=\"https:\/\/dendrologiem.lv\/wp-content\/uploads\/2026\/04\/logo_color.jpg\" alt=\"\" class=\"wp-image-484\" srcset=\"https:\/\/dendrologiem.lv\/wp-content\/uploads\/2026\/04\/logo_color.jpg 839w, https:\/\/dendrologiem.lv\/wp-content\/uploads\/2026\/04\/logo_color-300x170.jpg 300w, https:\/\/dendrologiem.lv\/wp-content\/uploads\/2026\/04\/logo_color-768x436.jpg 768w\" sizes=\"auto, (max-width: 839px) 100vw, 839px\" \/><\/figure>\n\n\n\n<p>LDB v\u0113sturiskais logo (autors Aris B\u0113rzi\u0146\u0161) l\u012bdz 2025. gadam:<\/p>\n\n\n\n<figure class=\"wp-block-image size-full\"><img loading=\"lazy\" decoding=\"async\" width=\"240\" height=\"240\" src=\"http:\/\/dendrologiem.lv\/wp-content\/uploads\/2023\/06\/cropped-download.jpg\" alt=\"\" class=\"wp-image-17\" srcset=\"https:\/\/dendrologiem.lv\/wp-content\/uploads\/2023\/06\/cropped-download.jpg 240w, https:\/\/dendrologiem.lv\/wp-content\/uploads\/2023\/06\/cropped-download-150x150.jpg 150w, https:\/\/dendrologiem.lv\/wp-content\/uploads\/2023\/06\/cropped-download-1x1.jpg 1w\" sizes=\"auto, (max-width: 240px) 100vw, 240px\" \/><\/figure>\n","protected":false},"excerpt":{"rendered":"<p>Latvijas Dendrologu biedr\u012bba (LDB) dibin\u0101ta 08.10.1996. Nacion\u0101laj\u0101 Bot\u0101niskaj\u0101 d\u0101rz\u0101 Salaspil\u012b. Biedr\u012bba apvieno gan profesion\u0101lus dendrologus, gan dendrolo\u0123ijas entuziastus. Biedr\u012bbas aktivit\u0101tes prim\u0101ri saist\u012btas ar domu un zin\u0101\u0161anu apmai\u0146u starp nozares speci\u0101listiem, profesion\u0101lo ekskursiju organiz\u0113\u0161anu, sertific\u0113\u0161anas procesa nodro\u0161in\u0101\u0161anu un Gada koka nomin\u0101ciju. Biedr\u012bbas vizu\u0101l\u0101 identit\u0101te, logotips: LDB v\u0113sturiskais logo (autors Aris B\u0113rzi\u0146\u0161) l\u012bdz 2025. gadam:<\/p>\n","protected":false},"author":1,"featured_media":0,"parent":0,"menu_order":0,"comment_status":"closed","ping_status":"closed","template":"","meta":{"footnotes":""},"class_list":["post-109","page","type-page","status-publish","hentry"],"_links":{"self":[{"href":"https:\/\/dendrologiem.lv\/index.php?rest_route=\/wp\/v2\/pages\/109","targetHints":{"allow":["GET"]}}],"collection":[{"href":"https:\/\/dendrologiem.lv\/index.php?rest_route=\/wp\/v2\/pages"}],"about":[{"href":"https:\/\/dendrologiem.lv\/index.php?rest_route=\/wp\/v2\/types\/page"}],"author":[{"embeddable":true,"href":"https:\/\/dendrologiem.lv\/index.php?rest_route=\/wp\/v2\/users\/1"}],"replies":[{"embeddable":true,"href":"https:\/\/dendrologiem.lv\/index.php?rest_route=%2Fwp%2Fv2%2Fcomments&post=109"}],"version-history":[{"count":7,"href":"https:\/\/dendrologiem.lv\/index.php?rest_route=\/wp\/v2\/pages\/109\/revisions"}],"predecessor-version":[{"id":486,"href":"https:\/\/dendrologiem.lv\/index.php?rest_route=\/wp\/v2\/pages\/109\/revisions\/486"}],"wp:attachment":[{"href":"https:\/\/dendrologiem.lv\/index.php?rest_route=%2Fwp%2Fv2%2Fmedia&parent=109"}],"curies":[{"name":"wp","href":"https:\/\/api.w.org\/{rel}","templated":true}]}}