{"id":66,"date":"2023-06-30T10:55:04","date_gmt":"2023-06-30T10:55:04","guid":{"rendered":"https:\/\/dendrologiem.lv\/?page_id=66"},"modified":"2025-02-20T16:37:38","modified_gmt":"2025-02-20T16:37:38","slug":"sertifikacija","status":"publish","type":"page","link":"https:\/\/dendrologiem.lv\/?page_id=66","title":{"rendered":"Sertifik\u0101cija"},"content":{"rendered":"\n<p>Latvijas Dendrolo\u0123ijas biedr\u012bba vien\u012bg\u0101 Latvij\u0101 kop\u0161 15.03.2014. veic dendrolo\u0123ijas speci\u0101listu jeb <strong>dendrologu sertific\u0113\u0161anu<\/strong>. Latvij\u0101 nav m\u0101c\u012bbu iest\u0101des, kas izsniedz dendrologa diplomu. Ir izstr\u0101d\u0101ts sertific\u0113\u0161anas nolikums, pretendenti Nacion\u0101laj\u0101 Bot\u0101niskaj\u0101 d\u0101rz\u0101 Salaspil\u012b k\u0101rto eks\u0101menu, atpaz\u012bstot kokaugus herbariz\u0113t\u0101 veid\u0101. P\u0113c sekm\u012bga eks\u0101mena nok\u0101rto\u0161anas  un nolikuma pras\u012bbu izpildes pretendents sa\u0146em LDB dendrologa sertifik\u0101tu, kas ir termin\u0113ts dokuments un cikliski j\u0101atjauno.<\/p>\n\n\n\n<p><strong>Sertifik\u0101cijas nolikums<\/strong> atrodas \u0161eit: <a href=\"https:\/\/dendrologiem.lv\/?page_id=128\" data-type=\"page\" data-id=\"128\">Dokumenti<\/a><\/p>\n\n\n\n<p>Par sertifik\u0101ciju interes\u0113ties un dokumentus nos\u016bt\u012bt LDB zin\u0101tniskajai sekret\u0101rei Madarai Lazd\u0101nei uz e-pastu: <a href=\"mailto:madara.lazdane@lu.lv\">madara.lazdane@lu.lv<\/a><\/p>\n\n\n\n<p><\/p>\n","protected":false},"excerpt":{"rendered":"<p>Latvijas Dendrolo\u0123ijas biedr\u012bba vien\u012bg\u0101 Latvij\u0101 kop\u0161 15.03.2014. veic dendrolo\u0123ijas speci\u0101listu jeb dendrologu sertific\u0113\u0161anu. Latvij\u0101 nav m\u0101c\u012bbu iest\u0101des, kas izsniedz dendrologa diplomu. Ir izstr\u0101d\u0101ts sertific\u0113\u0161anas nolikums, pretendenti Nacion\u0101laj\u0101 Bot\u0101niskaj\u0101 d\u0101rz\u0101 Salaspil\u012b k\u0101rto eks\u0101menu, atpaz\u012bstot kokaugus herbariz\u0113t\u0101 veid\u0101. P\u0113c sekm\u012bga eks\u0101mena nok\u0101rto\u0161anas un nolikuma pras\u012bbu izpildes pretendents sa\u0146em LDB dendrologa sertifik\u0101tu, kas ir termin\u0113ts dokuments un cikliski &hellip; <a href=\"https:\/\/dendrologiem.lv\/?page_id=66\" class=\"more-link\">Continue reading <span class=\"screen-reader-text\">Sertifik\u0101cija<\/span> <span class=\"meta-nav\">&rarr;<\/span><\/a><\/p>\n","protected":false},"author":1,"featured_media":0,"parent":0,"menu_order":0,"comment_status":"closed","ping_status":"closed","template":"","meta":{"footnotes":""},"class_list":["post-66","page","type-page","status-publish","hentry"],"_links":{"self":[{"href":"https:\/\/dendrologiem.lv\/index.php?rest_route=\/wp\/v2\/pages\/66","targetHints":{"allow":["GET"]}}],"collection":[{"href":"https:\/\/dendrologiem.lv\/index.php?rest_route=\/wp\/v2\/pages"}],"about":[{"href":"https:\/\/dendrologiem.lv\/index.php?rest_route=\/wp\/v2\/types\/page"}],"author":[{"embeddable":true,"href":"https:\/\/dendrologiem.lv\/index.php?rest_route=\/wp\/v2\/users\/1"}],"replies":[{"embeddable":true,"href":"https:\/\/dendrologiem.lv\/index.php?rest_route=%2Fwp%2Fv2%2Fcomments&post=66"}],"version-history":[{"count":11,"href":"https:\/\/dendrologiem.lv\/index.php?rest_route=\/wp\/v2\/pages\/66\/revisions"}],"predecessor-version":[{"id":432,"href":"https:\/\/dendrologiem.lv\/index.php?rest_route=\/wp\/v2\/pages\/66\/revisions\/432"}],"wp:attachment":[{"href":"https:\/\/dendrologiem.lv\/index.php?rest_route=%2Fwp%2Fv2%2Fmedia&parent=66"}],"curies":[{"name":"wp","href":"https:\/\/api.w.org\/{rel}","templated":true}]}}