{"id":95,"date":"2023-06-30T12:40:06","date_gmt":"2023-06-30T12:40:06","guid":{"rendered":"https:\/\/dendrologiem.lv\/?page_id=95"},"modified":"2024-01-14T08:32:16","modified_gmt":"2024-01-14T08:32:16","slug":"saites","status":"publish","type":"page","link":"https:\/\/dendrologiem.lv\/?page_id=95","title":{"rendered":"Saites"},"content":{"rendered":"\n<p><a href=\"https:\/\/nbd.gov.lv\/\" data-type=\"URL\" data-id=\"https:\/\/nbd.gov.lv\/\">Nacion\u0101lais Bot\u0101niskais d\u0101rzs <\/a><\/p>\n\n\n\n<p><a href=\"https:\/\/www.botanika.lu.lv\/\">Latvijas Universit\u0101tes Bot\u0101niskais d\u0101rzs<\/a><\/p>\n\n\n\n<p><a href=\"https:\/\/www.lvm.lv\/seklas-un-stadi\/kalsnavas-arboretums\" data-type=\"URL\" data-id=\"https:\/\/www.lvm.lv\/seklas-un-stadi\/kalsnavas-arboretums\">Kalsnavas arbor\u0113tums<\/a><\/p>\n\n\n\n<p><a href=\"https:\/\/www.rododendri.lu.lv\/\" data-type=\"link\" data-id=\"https:\/\/www.rododendri.lu.lv\/\">LU\u00a0Rododendru selekcijas un izm\u0113\u0123in\u0101jumu audz\u0113tava &#8220;Bab\u012bte&#8221;<\/a><\/p>\n\n\n\n<p><a href=\"http:\/\/www.kokiem.lv\/\" data-type=\"URL\" data-id=\"http:\/\/www.kokiem.lv\/\">Latvijas Kokkopju- Arboristu biedr\u012bba<\/a><\/p>\n\n\n\n<p><a href=\"https:\/\/botany.lv\/\" data-type=\"URL\" data-id=\"https:\/\/botany.lv\/\">Latvijas Bot\u0101ni\u0137u biedr\u012bba<\/a><\/p>\n","protected":false},"excerpt":{"rendered":"<p>Nacion\u0101lais Bot\u0101niskais d\u0101rzs Latvijas Universit\u0101tes Bot\u0101niskais d\u0101rzs Kalsnavas arbor\u0113tums LU\u00a0Rododendru selekcijas un izm\u0113\u0123in\u0101jumu audz\u0113tava &#8220;Bab\u012bte&#8221; Latvijas Kokkopju- Arboristu biedr\u012bba Latvijas Bot\u0101ni\u0137u biedr\u012bba<\/p>\n","protected":false},"author":1,"featured_media":0,"parent":0,"menu_order":0,"comment_status":"closed","ping_status":"closed","template":"","meta":{"footnotes":""},"class_list":["post-95","page","type-page","status-publish","hentry"],"_links":{"self":[{"href":"https:\/\/dendrologiem.lv\/index.php?rest_route=\/wp\/v2\/pages\/95","targetHints":{"allow":["GET"]}}],"collection":[{"href":"https:\/\/dendrologiem.lv\/index.php?rest_route=\/wp\/v2\/pages"}],"about":[{"href":"https:\/\/dendrologiem.lv\/index.php?rest_route=\/wp\/v2\/types\/page"}],"author":[{"embeddable":true,"href":"https:\/\/dendrologiem.lv\/index.php?rest_route=\/wp\/v2\/users\/1"}],"replies":[{"embeddable":true,"href":"https:\/\/dendrologiem.lv\/index.php?rest_route=%2Fwp%2Fv2%2Fcomments&post=95"}],"version-history":[{"count":3,"href":"https:\/\/dendrologiem.lv\/index.php?rest_route=\/wp\/v2\/pages\/95\/revisions"}],"predecessor-version":[{"id":256,"href":"https:\/\/dendrologiem.lv\/index.php?rest_route=\/wp\/v2\/pages\/95\/revisions\/256"}],"wp:attachment":[{"href":"https:\/\/dendrologiem.lv\/index.php?rest_route=%2Fwp%2Fv2%2Fmedia&parent=95"}],"curies":[{"name":"wp","href":"https:\/\/api.w.org\/{rel}","templated":true}]}}